{"id":762,"date":"2022-03-08T08:08:54","date_gmt":"2022-03-08T11:08:54","guid":{"rendered":"http:\/\/pellemed.com.br\/?page_id=762"},"modified":"2022-03-08T08:50:02","modified_gmt":"2022-03-08T11:50:02","slug":"produtos-descricao","status":"publish","type":"page","link":"http:\/\/pellemed.com.br\/index.php\/produtos-descricao\/","title":{"rendered":"Produtos Descri\u00e7\u00e3o"},"content":{"rendered":"<p>[vc_row css_animation=&#8221;&#8221; row_type=&#8221;row&#8221; use_row_as_full_screen_section=&#8221;no&#8221; type=&#8221;full_width&#8221; angled_section=&#8221;no&#8221; text_align=&#8221;left&#8221; background_image_as_pattern=&#8221;without_pattern&#8221;][vc_column][vc_empty_space][vc_text_separator title=&#8221;PODUTOS&#8221; border=&#8221;no&#8221; title_color=&#8221;#d7b188&#8243;][\/vc_column][\/vc_row][vc_row css_animation=&#8221;&#8221; row_type=&#8221;row&#8221; use_row_as_full_screen_section=&#8221;no&#8221; type=&#8221;full_width&#8221; angled_section=&#8221;no&#8221; text_align=&#8221;left&#8221; background_image_as_pattern=&#8221;without_pattern&#8221; z_index=&#8221;&#8221; anchor=&#8221;p1&#8243;][vc_column][vc_empty_space height=&#8221;64px&#8221;][\/vc_column][\/vc_row][vc_row css_animation=&#8221;&#8221; row_type=&#8221;row&#8221; use_row_as_full_screen_section=&#8221;no&#8221; type=&#8221;grid&#8221; angled_section=&#8221;no&#8221; text_align=&#8221;left&#8221; background_image_as_pattern=&#8221;without_pattern&#8221; z_index=&#8221;&#8221;][vc_column width=&#8221;1\/4&#8243;][vc_single_image image=&#8221;642&#8243; img_size=&#8221;full&#8221; alignment=&#8221;center&#8221; style=&#8221;vc_box_shadow&#8221; qode_css_animation=&#8221;&#8221;][\/vc_column][vc_column width=&#8221;1\/2&#8243; el_id=&#8221;p1&#8243;][vc_column_text]<\/p>\n<h2 style=\"text-align: left;\">Botulift 50ui<\/h2>\n<p align=\"justify\">Botulift &#8211; toxina botul\u00ednica tipo A. Apresenta\u00e7\u00e3o &#8211; Frasco-ampola com 50 U de p\u00f3 li\u00f3filo injet\u00e1vel de toxina botul\u00ednica tipo A. Este medicamento \u00e9 destinado ao tratamento de blefaroespasmo, espasmo hemifacial, da deformidade do p\u00e9 equino devido \u00e0 espasticidade em pacientes pedi\u00e1tricos com paralisia cerebral, linhas faciais hipercin\u00e9ticas e para o tratamento da espasticidade ap\u00f3s acidente vascular cerebral (sequelas de acidente vascular cerebral n\u00e3o especificado como hemorr\u00e1gico ou isqu\u00eamico) em adultos.<\/p>\n<p>[\/vc_column_text][\/vc_column][vc_column width=&#8221;1\/4&#8243;][\/vc_column][\/vc_row][vc_row css_animation=&#8221;&#8221; row_type=&#8221;row&#8221; use_row_as_full_screen_section=&#8221;no&#8221; type=&#8221;full_width&#8221; angled_section=&#8221;no&#8221; text_align=&#8221;left&#8221; background_image_as_pattern=&#8221;without_pattern&#8221; z_index=&#8221;&#8221; anchor=&#8221;p2&#8243;][vc_column][vc_empty_space height=&#8221;64px&#8221;][\/vc_column][\/vc_row][vc_row css_animation=&#8221;&#8221; row_type=&#8221;row&#8221; use_row_as_full_screen_section=&#8221;no&#8221; type=&#8221;grid&#8221; angled_section=&#8221;no&#8221; text_align=&#8221;left&#8221; background_image_as_pattern=&#8221;without_pattern&#8221; z_index=&#8221;&#8221;][vc_column width=&#8221;1\/4&#8243;][vc_single_image image=&#8221;640&#8243; img_size=&#8221;full&#8221; alignment=&#8221;center&#8221; style=&#8221;vc_box_shadow&#8221; qode_css_animation=&#8221;&#8221;][\/vc_column][vc_column width=&#8221;1\/2&#8243;][vc_column_text]<\/p>\n<h2 style=\"text-align: left;\">Botulift 100ui<\/h2>\n<p align=\"justify\">Botulift \u2013 toxina botul\u00ednica tipo A. Apresenta\u00e7\u00e3o &#8211; Frasco-ampola com 100 U de p\u00f3 li\u00f3filo injet\u00e1vel de toxina botul\u00ednica tipo A. Este medicamento \u00e9 destinado ao tratamento de blefaroespasmo, espasmo hemifacial, da deformidade do p\u00e9 equino devido \u00e0 espasticidade em pacientes pedi\u00e1tricos com paralisia cerebral, linhas faciais hipercin\u00e9ticas e para o tratamento da espasticidade ap\u00f3s acidente vascular cerebral (sequelas de acidente vascular cerebral n\u00e3o especificado como hemorr\u00e1gico ou isqu\u00eamico) em adultos.<\/p>\n<p>[\/vc_column_text][\/vc_column][vc_column width=&#8221;1\/4&#8243;][\/vc_column][\/vc_row][vc_row css_animation=&#8221;&#8221; row_type=&#8221;row&#8221; use_row_as_full_screen_section=&#8221;no&#8221; type=&#8221;full_width&#8221; angled_section=&#8221;no&#8221; text_align=&#8221;left&#8221; background_image_as_pattern=&#8221;without_pattern&#8221; z_index=&#8221;&#8221; anchor=&#8221;p3&#8243;][vc_column][vc_empty_space height=&#8221;64px&#8221;][\/vc_column][\/vc_row][vc_row css_animation=&#8221;&#8221; row_type=&#8221;row&#8221; use_row_as_full_screen_section=&#8221;no&#8221; type=&#8221;grid&#8221; angled_section=&#8221;no&#8221; text_align=&#8221;left&#8221; background_image_as_pattern=&#8221;without_pattern&#8221; z_index=&#8221;&#8221;][vc_column width=&#8221;1\/4&#8243;][vc_single_image image=&#8221;632&#8243; img_size=&#8221;full&#8221; alignment=&#8221;center&#8221; style=&#8221;vc_box_shadow&#8221; qode_css_animation=&#8221;&#8221;][\/vc_column][vc_column width=&#8221;1\/2&#8243;][vc_column_text]<\/p>\n<h2 style=\"text-align: left;\">Botulift 200ui<\/h2>\n<p align=\"justify\">Botulift \u2013 toxina botul\u00ednica tipo A. Apresenta\u00e7\u00e3o &#8211; Frasco-ampola com 200 U de p\u00f3 li\u00f3filo injet\u00e1vel de toxina botul\u00ednica tipo A. Este medicamento \u00e9 destinado ao tratamento de blefaroespasmo, espasmo hemifacial, da deformidade do p\u00e9 equino devido \u00e0 espasticidade em pacientes pedi\u00e1tricos com paralisia cerebral, linhas faciais hipercin\u00e9ticas e para o tratamento da espasticidade ap\u00f3s acidente vascular cerebral (sequelas de acidente vascular cerebral n\u00e3o especificado como hemorr\u00e1gico ou isqu\u00eamico) em adultos.<\/p>\n<p>[\/vc_column_text][\/vc_column][vc_column width=&#8221;1\/4&#8243;][\/vc_column][\/vc_row][vc_row css_animation=&#8221;&#8221; row_type=&#8221;row&#8221; use_row_as_full_screen_section=&#8221;no&#8221; type=&#8221;full_width&#8221; angled_section=&#8221;no&#8221; text_align=&#8221;left&#8221; background_image_as_pattern=&#8221;without_pattern&#8221; z_index=&#8221;&#8221; anchor=&#8221;p4&#8243;][vc_column][vc_empty_space height=&#8221;64px&#8221;][\/vc_column][\/vc_row][vc_row css_animation=&#8221;&#8221; row_type=&#8221;row&#8221; use_row_as_full_screen_section=&#8221;no&#8221; type=&#8221;grid&#8221; angled_section=&#8221;no&#8221; text_align=&#8221;left&#8221; background_image_as_pattern=&#8221;without_pattern&#8221; z_index=&#8221;&#8221;][vc_column width=&#8221;1\/4&#8243;][vc_single_image image=&#8221;659&#8243; img_size=&#8221;full&#8221; alignment=&#8221;center&#8221; style=&#8221;vc_box_shadow&#8221; qode_css_animation=&#8221;&#8221;][\/vc_column][vc_column width=&#8221;1\/2&#8243;][vc_column_text]<\/p>\n<h2 style=\"text-align: left;\">The invisible needle<\/h2>\n<p align=\"justify\">Agulha Hipod\u00e9rmica destina-se a ser utilizado com uma seringa para injetar um produto farmac\u00eautico ou para drenar flu\u00eddo. Composi\u00e7\u00e3o: agulha de a\u00e7o inoxid\u00e1vel com canh\u00e3o de Polimero Prime PP (J850NA) permite uma suave penetra\u00e7\u00e3o e r\u00e1pido fechamento ap\u00f3s a retirada.<\/p>\n<p align=\"justify\">Inje\u00e7\u00e3o quase indolor\/ Melhor experi\u00eancia geral do paciente\/ Risco de desprendimento reduzido\/ Evita vazamento\/ N\u00e3o desperdi\u00e7a produto<\/p>\n<p>[\/vc_column_text][\/vc_column][vc_column width=&#8221;1\/4&#8243;][\/vc_column][\/vc_row][vc_row css_animation=&#8221;&#8221; row_type=&#8221;row&#8221; use_row_as_full_screen_section=&#8221;no&#8221; type=&#8221;full_width&#8221; angled_section=&#8221;no&#8221; text_align=&#8221;left&#8221; background_image_as_pattern=&#8221;without_pattern&#8221; z_index=&#8221;&#8221; anchor=&#8221;p5&#8243;][vc_column][vc_empty_space height=&#8221;64px&#8221;][\/vc_column][\/vc_row][vc_row css_animation=&#8221;&#8221; row_type=&#8221;row&#8221; use_row_as_full_screen_section=&#8221;no&#8221; type=&#8221;grid&#8221; angled_section=&#8221;no&#8221; text_align=&#8221;left&#8221; background_image_as_pattern=&#8221;without_pattern&#8221; z_index=&#8221;&#8221;][vc_column width=&#8221;1\/4&#8243;][vc_single_image image=&#8221;657&#8243; img_size=&#8221;full&#8221; alignment=&#8221;center&#8221; style=&#8221;vc_box_shadow&#8221; qode_css_animation=&#8221;&#8221;][\/vc_column][vc_column width=&#8221;1\/2&#8243;][vc_column_text]<\/p>\n<h2 style=\"text-align: left;\">C\u00e2nula Descart\u00e1vel Steriglide TSK<\/h2>\n<p align=\"justify\">Microc\u00e2nula de ponta c\u00f4nica destinada a injetar materiais de preenchimento na pele. Benef\u00edcios: Introdu\u00e7\u00e3o mais f\u00e1cil da c\u00e2nula; Redu\u00e7\u00e3o do risco de hematomas e contus\u00f5es; Melhor deslizamento em at\u00e9 50%; Reduz o desconforto do paciente; Introdu\u00e7\u00e3o mais precisa do preenchimento; Redu\u00e7\u00e3o da perda de produto; Introdu\u00e7\u00e3o mais precisa do preenchimento; Melhor manuseio.<\/p>\n<p>[\/vc_column_text][\/vc_column][vc_column width=&#8221;1\/4&#8243;][\/vc_column][\/vc_row][vc_row css_animation=&#8221;&#8221; row_type=&#8221;row&#8221; use_row_as_full_screen_section=&#8221;no&#8221; type=&#8221;full_width&#8221; angled_section=&#8221;no&#8221; text_align=&#8221;left&#8221; background_image_as_pattern=&#8221;without_pattern&#8221; z_index=&#8221;&#8221; anchor=&#8221;p6&#8243;][vc_column][vc_empty_space height=&#8221;64px&#8221;][\/vc_column][\/vc_row][vc_row css_animation=&#8221;&#8221; row_type=&#8221;row&#8221; use_row_as_full_screen_section=&#8221;no&#8221; type=&#8221;grid&#8221; angled_section=&#8221;no&#8221; text_align=&#8221;left&#8221; background_image_as_pattern=&#8221;without_pattern&#8221; z_index=&#8221;&#8221;][vc_column width=&#8221;1\/4&#8243;][vc_single_image image=&#8221;655&#8243; img_size=&#8221;full&#8221; alignment=&#8221;center&#8221; style=&#8221;vc_box_shadow&#8221; qode_css_animation=&#8221;&#8221;][\/vc_column][vc_column width=&#8221;1\/2&#8243;][vc_column_text]<\/p>\n<h2 style=\"text-align: left;\">Seringa Hipod\u00e9rmica SR Luer Lock<\/h2>\n<p align=\"justify\">Seringa hipod\u00e9rmica est\u00e9ril de uso \u00fanico para uso manual \u2013 sem agulha. Cristal\/Policarbonato com pist\u00e3o residual zero. At\u00f3xica, apirog\u00eanica e esterilizada por g\u00e1s \u00f3xido de etileno. Indica\u00e7\u00f5es: Aplicar, injetar, irrigar e extrair flu\u00eddos. Dispon\u00edvel no calibre de 1mL, com o bico Luer Lock.<\/p>\n<p>[\/vc_column_text][\/vc_column][vc_column width=&#8221;1\/4&#8243;][\/vc_column][\/vc_row][vc_row css_animation=&#8221;&#8221; row_type=&#8221;row&#8221; use_row_as_full_screen_section=&#8221;no&#8221; type=&#8221;full_width&#8221; angled_section=&#8221;no&#8221; text_align=&#8221;left&#8221; background_image_as_pattern=&#8221;without_pattern&#8221; z_index=&#8221;&#8221; anchor=&#8221;p7&#8243;][vc_column][vc_empty_space height=&#8221;64px&#8221;][\/vc_column][\/vc_row][vc_row css_animation=&#8221;&#8221; row_type=&#8221;row&#8221; use_row_as_full_screen_section=&#8221;no&#8221; type=&#8221;grid&#8221; angled_section=&#8221;no&#8221; text_align=&#8221;left&#8221; background_image_as_pattern=&#8221;without_pattern&#8221; z_index=&#8221;&#8221;][vc_column width=&#8221;1\/4&#8243;][vc_single_image image=&#8221;660&#8243; img_size=&#8221;full&#8221; alignment=&#8221;center&#8221; style=&#8221;vc_box_shadow&#8221; qode_css_animation=&#8221;&#8221;][\/vc_column][vc_column width=&#8221;3\/4&#8243;][vc_column_text]<\/p>\n<h2 style=\"text-align: left;\">Seringa BD Ultra-Fine\u00a0 30ui, 50ui ou 100ui<\/h2>\n<p align=\"justify\">Seringa com agulha BD Ultra-Fine para aplica\u00e7\u00e3o de insulina. Seringa dispon\u00edvel na apresenta\u00e7\u00e3o 30ui, 50ui ou 1000ui, agulha de 6mm de comprimento e calibre 0,25mm. Pacote cont\u00e9m 10 seringas.<\/p>\n<p>[\/vc_column_text][\/vc_column][\/vc_row][vc_row css_animation=&#8221;&#8221; row_type=&#8221;row&#8221; use_row_as_full_screen_section=&#8221;no&#8221; type=&#8221;full_width&#8221; angled_section=&#8221;no&#8221; text_align=&#8221;left&#8221; background_image_as_pattern=&#8221;without_pattern&#8221; z_index=&#8221;&#8221; anchor=&#8221;p10&#8243;][vc_column][vc_empty_space height=&#8221;64px&#8221;][\/vc_column][\/vc_row][vc_row css_animation=&#8221;&#8221; row_type=&#8221;row&#8221; use_row_as_full_screen_section=&#8221;no&#8221; type=&#8221;grid&#8221; angled_section=&#8221;no&#8221; text_align=&#8221;left&#8221; background_image_as_pattern=&#8221;without_pattern&#8221; z_index=&#8221;&#8221;][vc_column width=&#8221;1\/4&#8243;][vc_single_image image=&#8221;649&#8243; img_size=&#8221;full&#8221; alignment=&#8221;center&#8221; style=&#8221;vc_box_shadow&#8221; qode_css_animation=&#8221;&#8221;][\/vc_column][vc_column width=&#8221;1\/2&#8243;][vc_column_text]<\/p>\n<h2 style=\"text-align: left;\">Torneira de 3 vias \u2013 Luer Slip<\/h2>\n<p align=\"justify\">Dispositivo destinado a administra\u00e7\u00e3o de drogas ou solu\u00e7\u00f5es intravenosas interminentes. Permite com seguran\u00e7a o fluxo simult\u00e2neo ou interrup\u00e7\u00e3o de qualquer uma das vias. Luer Lock, Est\u00e9ril (Esterilizado por \u00f3xido de etileno), Possui tampa protetora, Apirog\u00eanico. Vendido por unidade.<\/p>\n<p>[\/vc_column_text][\/vc_column][vc_column width=&#8221;1\/4&#8243;][\/vc_column][\/vc_row][vc_row css_animation=&#8221;&#8221; row_type=&#8221;row&#8221; use_row_as_full_screen_section=&#8221;no&#8221; type=&#8221;full_width&#8221; angled_section=&#8221;no&#8221; text_align=&#8221;left&#8221; background_image_as_pattern=&#8221;without_pattern&#8221; z_index=&#8221;&#8221; anchor=&#8221;p11&#8243;][vc_column][vc_empty_space height=&#8221;64px&#8221;][\/vc_column][\/vc_row][vc_row css_animation=&#8221;&#8221; row_type=&#8221;row&#8221; use_row_as_full_screen_section=&#8221;no&#8221; type=&#8221;grid&#8221; angled_section=&#8221;no&#8221; text_align=&#8221;left&#8221; background_image_as_pattern=&#8221;without_pattern&#8221; z_index=&#8221;&#8221;][vc_column width=&#8221;1\/4&#8243;][vc_single_image image=&#8221;635&#8243; img_size=&#8221;full&#8221; alignment=&#8221;center&#8221; style=&#8221;vc_box_shadow&#8221; qode_css_animation=&#8221;&#8221;][\/vc_column][vc_column width=&#8221;1\/2&#8243;][vc_column_text]<\/p>\n<h2 style=\"text-align: left;\">Pixel \u2013 Derma Roller<\/h2>\n<p align=\"justify\">Aparelho para microagulhamento para rejuvenescimento e regenera\u00e7\u00e3o da pele. Microagulhas de tit\u00e2nio, banhadas em ouro 24K, com 0,3mm de espessura em formato de cone. Cabo antiderrapante que permite um manuseio preciso e ergon\u00f4mico. Esterilizadas por radia\u00e7\u00e3o gama.<\/p>\n<p>[\/vc_column_text][\/vc_column][vc_column width=&#8221;1\/4&#8243;][\/vc_column][\/vc_row][vc_row css_animation=&#8221;&#8221; row_type=&#8221;row&#8221; use_row_as_full_screen_section=&#8221;no&#8221; type=&#8221;full_width&#8221; angled_section=&#8221;no&#8221; text_align=&#8221;left&#8221; background_image_as_pattern=&#8221;without_pattern&#8221; z_index=&#8221;&#8221; anchor=&#8221;p12&#8243;][vc_column][vc_empty_space height=&#8221;64px&#8221;][\/vc_column][\/vc_row][vc_row css_animation=&#8221;&#8221; row_type=&#8221;row&#8221; use_row_as_full_screen_section=&#8221;no&#8221; type=&#8221;grid&#8221; angled_section=&#8221;no&#8221; text_align=&#8221;left&#8221; background_image_as_pattern=&#8221;without_pattern&#8221; z_index=&#8221;&#8221;][vc_column width=&#8221;1\/4&#8243;][vc_single_image image=&#8221;840&#8243; img_size=&#8221;full&#8221; alignment=&#8221;center&#8221; style=&#8221;vc_box_shadow&#8221; qode_css_animation=&#8221;&#8221;][\/vc_column][vc_column width=&#8221;1\/2&#8243;][vc_column_text]<\/p>\n<h2 style=\"text-align: left;\">Fios de PDO<\/h2>\n<p>Os fios de PDO n\u00b0 1 nos Estados Unidos, o u\u0301nico com FDA e CE e registrado na Anvisa. NovaThreads s\u00e3o fios de PDO pr\u00e9-carregados em delicadas agulhas ou microc\u00e2nulas finas.<\/p>\n<p>O PDO \u00e9 uma sutura sint\u00e9tica cir\u00fargica absorv\u00edvel, comprovadamente um dos materiais mais seguros para ser implantado no corpo.<\/p>\n<p style=\"text-align: left;\">Os fios de PDO s\u00e3o muito eficazes para, dentre outros:<\/p>\n<p>\u2022 melhorar a qualidade da pele<br \/>\n\u2022 redefinir o contorno do rosto<br \/>\n\u2022 reduzir o aspecto arredondado<br \/>\n\u2022 reduzir rugas<br \/>\n\u2022 fazer lifting nas bochechas, papada e pesco\u00e7o<br \/>\n\u2022 aumentar o volume dos l\u00e1bios<br \/>\n\u2022 estimular a produ\u00e7\u00e3o de col\u00e1geno[\/vc_column_text][\/vc_column][vc_column width=&#8221;1\/4&#8243;][\/vc_column][\/vc_row][vc_row css_animation=&#8221;&#8221; row_type=&#8221;row&#8221; use_row_as_full_screen_section=&#8221;no&#8221; type=&#8221;full_width&#8221; angled_section=&#8221;no&#8221; text_align=&#8221;left&#8221; background_image_as_pattern=&#8221;without_pattern&#8221; z_index=&#8221;&#8221; anchor=&#8221;p13&#8243;][vc_column][vc_empty_space height=&#8221;64px&#8221;][\/vc_column][\/vc_row][vc_row css_animation=&#8221;&#8221; row_type=&#8221;row&#8221; use_row_as_full_screen_section=&#8221;no&#8221; type=&#8221;grid&#8221; angled_section=&#8221;no&#8221; text_align=&#8221;left&#8221; background_image_as_pattern=&#8221;without_pattern&#8221; z_index=&#8221;&#8221;][vc_column width=&#8221;1\/4&#8243;][vc_single_image image=&#8221;651&#8243; img_size=&#8221;full&#8221; alignment=&#8221;center&#8221; style=&#8221;vc_box_shadow&#8221; qode_css_animation=&#8221;&#8221;][\/vc_column][vc_column width=&#8221;1\/2&#8243;][vc_column_text]<\/p>\n<h2 style=\"text-align: left;\">Soro Fisiol\u00f3gico<\/h2>\n<p align=\"justify\">Solu\u00e7\u00e3o injet\u00e1vel, l\u00edmpida, est\u00e9ril e apirog\u00eanica. Via de administra\u00e7\u00e3o intravenosa e individualizada. Uso adulto e pedi\u00e1trico. Cloreto de s\u00f3dio 0,009 g Excipiente: \u00e1gua para injet\u00e1veis q.s.p 1 mL<\/p>\n<p>[\/vc_column_text][\/vc_column][vc_column width=&#8221;1\/4&#8243;][\/vc_column][\/vc_row][vc_row css_animation=&#8221;&#8221; row_type=&#8221;row&#8221; use_row_as_full_screen_section=&#8221;no&#8221; type=&#8221;full_width&#8221; angled_section=&#8221;no&#8221; text_align=&#8221;left&#8221; background_image_as_pattern=&#8221;without_pattern&#8221; z_index=&#8221;&#8221; anchor=&#8221;p14&#8243;][vc_column][vc_empty_space height=&#8221;64px&#8221;][\/vc_column][\/vc_row][vc_row css_animation=&#8221;&#8221; row_type=&#8221;row&#8221; use_row_as_full_screen_section=&#8221;no&#8221; type=&#8221;grid&#8221; angled_section=&#8221;no&#8221; text_align=&#8221;left&#8221; background_image_as_pattern=&#8221;without_pattern&#8221; z_index=&#8221;&#8221;][vc_column width=&#8221;1\/4&#8243;][vc_single_image image=&#8221;653&#8243; img_size=&#8221;full&#8221; alignment=&#8221;center&#8221; style=&#8221;vc_box_shadow&#8221; qode_css_animation=&#8221;&#8221;][\/vc_column][vc_column width=&#8221;1\/2&#8243;][vc_column_text]<\/p>\n<h2>Seringa descart\u00e1vel sem agulha 3ml &#8211; Descarpack<\/h2>\n<p>Seringa hipod\u00e9rmica est\u00e9ril de uso \u00fanico para uso manual sem agulha.<\/p>\n<p>Est\u00e9ril \u2013 esterilizado a \u00f3xido de etileno. At\u00f3xico \u2013 Apirog\u00eanica. Para uso \u00fanico. Bico Luer Lock.[\/vc_column_text][\/vc_column][vc_column width=&#8221;1\/4&#8243;][\/vc_column][\/vc_row][vc_row css_animation=&#8221;&#8221; row_type=&#8221;row&#8221; use_row_as_full_screen_section=&#8221;no&#8221; type=&#8221;full_width&#8221; angled_section=&#8221;no&#8221; text_align=&#8221;left&#8221; background_image_as_pattern=&#8221;without_pattern&#8221; z_index=&#8221;&#8221; anchor=&#8221;p15&#8243;][vc_column][vc_empty_space height=&#8221;64px&#8221;][\/vc_column][\/vc_row][vc_row css_animation=&#8221;&#8221; row_type=&#8221;row&#8221; use_row_as_full_screen_section=&#8221;no&#8221; type=&#8221;grid&#8221; angled_section=&#8221;no&#8221; text_align=&#8221;left&#8221; background_image_as_pattern=&#8221;without_pattern&#8221; z_index=&#8221;&#8221;][vc_column width=&#8221;1\/4&#8243;][vc_single_image image=&#8221;647&#8243; img_size=&#8221;full&#8221; alignment=&#8221;center&#8221; style=&#8221;vc_box_shadow&#8221; qode_css_animation=&#8221;&#8221;][\/vc_column][vc_column width=&#8221;1\/2&#8243;][vc_column_text]<\/p>\n<h2 style=\"text-align: left;\">Agulha para Aspira\u00e7\u00e3o &#8211; SOL-M<\/h2>\n<p align=\"justify\">Agulha para aspira\u00e7\u00e3o 40 x 1.2mm (18G x 1 \u00bd\u201d). N\u00e3o t\u00f3xica. Apirog\u00eanica.<\/p>\n<p>[\/vc_column_text][\/vc_column][vc_column width=&#8221;1\/4&#8243;][\/vc_column][\/vc_row][vc_row css_animation=&#8221;&#8221; row_type=&#8221;row&#8221; use_row_as_full_screen_section=&#8221;no&#8221; type=&#8221;full_width&#8221; angled_section=&#8221;no&#8221; text_align=&#8221;left&#8221; background_image_as_pattern=&#8221;without_pattern&#8221; z_index=&#8221;&#8221; anchor=&#8221;p16&#8243;][vc_column][vc_empty_space height=&#8221;64px&#8221;][\/vc_column][\/vc_row][vc_row css_animation=&#8221;&#8221; row_type=&#8221;row&#8221; use_row_as_full_screen_section=&#8221;no&#8221; type=&#8221;grid&#8221; angled_section=&#8221;no&#8221; text_align=&#8221;left&#8221; background_image_as_pattern=&#8221;without_pattern&#8221; z_index=&#8221;&#8221;][vc_column width=&#8221;1\/4&#8243;][vc_single_image image=&#8221;707&#8243; img_size=&#8221;full&#8221; alignment=&#8221;center&#8221; style=&#8221;vc_box_shadow&#8221; qode_css_animation=&#8221;&#8221;][\/vc_column][vc_column width=&#8221;1\/2&#8243;][vc_column_text]<\/p>\n<h2 style=\"text-align: left;\">Seringa de Insulina com Agulha Fixa &#8211; SOL-M<\/h2>\n<p align=\"justify\">Pacote com 10 unidades 31G x 15\/64&#8243; (6mm x 0,25mm). N\u00e3o t\u00f3xica. Apirog\u00eanica. Descartar ap\u00f3s o uso. Proibido reprocessar. Indica\u00e7\u00e3o de uso: Seringas est\u00e9reis de uso \u00fanico para insulina de U-100 Apenas insulina.<\/p>\n<p>[\/vc_column_text][\/vc_column][vc_column width=&#8221;1\/4&#8243;][\/vc_column][\/vc_row][vc_row css_animation=&#8221;&#8221; row_type=&#8221;row&#8221; use_row_as_full_screen_section=&#8221;no&#8221; type=&#8221;full_width&#8221; angled_section=&#8221;no&#8221; text_align=&#8221;left&#8221; background_image_as_pattern=&#8221;without_pattern&#8221;][vc_column][vc_empty_space height=&#8221;200px&#8221;][\/vc_column][\/vc_row]<\/p>\n","protected":false},"excerpt":{"rendered":"<p>[vc_row css_animation=&#8221;&#8221; row_type=&#8221;row&#8221; use_row_as_full_screen_section=&#8221;no&#8221; type=&#8221;full_width&#8221; angled_section=&#8221;no&#8221; text_align=&#8221;left&#8221; background_image_as_pattern=&#8221;without_pattern&#8221;][vc_column][vc_empty_space][vc_text_separator title=&#8221;PODUTOS&#8221; border=&#8221;no&#8221; title_color=&#8221;#d7b188&#8243;][\/vc_column][\/vc_row][vc_row css_animation=&#8221;&#8221; row_type=&#8221;row&#8221; use_row_as_full_screen_section=&#8221;no&#8221; type=&#8221;full_width&#8221; angled_section=&#8221;no&#8221; text_align=&#8221;left&#8221; background_image_as_pattern=&#8221;without_pattern&#8221; z_index=&#8221;&#8221; anchor=&#8221;p1&#8243;][vc_column][vc_empty_space height=&#8221;64px&#8221;][\/vc_column][\/vc_row][vc_row css_animation=&#8221;&#8221; row_type=&#8221;row&#8221; use_row_as_full_screen_section=&#8221;no&#8221; type=&#8221;grid&#8221; angled_section=&#8221;no&#8221; text_align=&#8221;left&#8221; background_image_as_pattern=&#8221;without_pattern&#8221; z_index=&#8221;&#8221;][vc_column width=&#8221;1\/4&#8243;][vc_single_image image=&#8221;642&#8243; img_size=&#8221;full&#8221; alignment=&#8221;center&#8221; style=&#8221;vc_box_shadow&#8221; qode_css_animation=&#8221;&#8221;][\/vc_column][vc_column width=&#8221;1\/2&#8243; el_id=&#8221;p1&#8243;][vc_column_text] Botulift 50ui Botulift &#8211; toxina botul\u00ednica tipo A&#8230;.<\/p>\n","protected":false},"author":1,"featured_media":0,"parent":0,"menu_order":0,"comment_status":"closed","ping_status":"closed","template":"full_width.php","meta":[],"_links":{"self":[{"href":"http:\/\/pellemed.com.br\/index.php\/wp-json\/wp\/v2\/pages\/762"}],"collection":[{"href":"http:\/\/pellemed.com.br\/index.php\/wp-json\/wp\/v2\/pages"}],"about":[{"href":"http:\/\/pellemed.com.br\/index.php\/wp-json\/wp\/v2\/types\/page"}],"author":[{"embeddable":true,"href":"http:\/\/pellemed.com.br\/index.php\/wp-json\/wp\/v2\/users\/1"}],"replies":[{"embeddable":true,"href":"http:\/\/pellemed.com.br\/index.php\/wp-json\/wp\/v2\/comments?post=762"}],"version-history":[{"count":3,"href":"http:\/\/pellemed.com.br\/index.php\/wp-json\/wp\/v2\/pages\/762\/revisions"}],"predecessor-version":[{"id":845,"href":"http:\/\/pellemed.com.br\/index.php\/wp-json\/wp\/v2\/pages\/762\/revisions\/845"}],"wp:attachment":[{"href":"http:\/\/pellemed.com.br\/index.php\/wp-json\/wp\/v2\/media?parent=762"}],"curies":[{"name":"wp","href":"https:\/\/api.w.org\/{rel}","templated":true}]}}